{"id":329,"date":"2020-01-16T20:19:31","date_gmt":"2020-01-16T19:19:31","guid":{"rendered":"http:\/\/vincent-lengaigne.fr\/artiste\/?page_id=329"},"modified":"2020-07-14T16:37:38","modified_gmt":"2020-07-14T14:37:38","slug":"goutte","status":"publish","type":"page","link":"http:\/\/vincent-lengaigne.fr\/artiste\/goutte\/","title":{"rendered":"Goutte"},"content":{"rendered":"\n<br>\n<br>\n<br>\n\n\n\n<div class=\"wp-block-image\"><figure class=\"aligncenter\"><img loading=\"lazy\" width=\"1024\" height=\"533\" src=\"http:\/\/vincent-lengaigne.fr\/artiste\/wp-content\/uploads\/2020\/01\/Goutte-Nouvelle-Cre\u0301ation-2020-1024x533.jpg\" alt=\"\" class=\"wp-image-336\" srcset=\"http:\/\/vincent-lengaigne.fr\/artiste\/wp-content\/uploads\/2020\/01\/Goutte-Nouvelle-Cre\u0301ation-2020-1024x533.jpg 1024w, http:\/\/vincent-lengaigne.fr\/artiste\/wp-content\/uploads\/2020\/01\/Goutte-Nouvelle-Cre\u0301ation-2020-300x156.jpg 300w, http:\/\/vincent-lengaigne.fr\/artiste\/wp-content\/uploads\/2020\/01\/Goutte-Nouvelle-Cre\u0301ation-2020-768x400.jpg 768w, http:\/\/vincent-lengaigne.fr\/artiste\/wp-content\/uploads\/2020\/01\/Goutte-Nouvelle-Cre\u0301ation-2020.jpg 1920w\" sizes=\"(max-width: 1024px) 100vw, 1024px\" \/><\/figure><\/div>\n\n\n\n<body id=\"goutte\">\n<p style=\"text-align:center\">\n<br>\n<br>\n<b>Emilien Rousvoal<\/b> et <b>Vincent Lengaigne<\/b> s&rsquo;associent de nouveau.<br>\n<br>\nLe duo r\u00e9it\u00e8re l&rsquo;experience de m\u00ealer <u>Arts du cirque<\/u>, <b>recherches lumineuses<\/b> et <i>exp\u00e9rimentations sonores<\/i>.<br>\nIci, la sc\u00e9nographie originale s&rsquo;articule autour d&rsquo;une <u>balle de contact<\/u>, d&rsquo;un <b>grand cube vitr\u00e9<\/b>, <br>\net de <i>deux protagonistes circassiens<\/i> que sont Vincent et Emilien.<br>\n<br>\nDans la lign\u00e9e des <i>Siestes Sonores<\/i>, Vincent Lengaigne compose la musique pour qu&rsquo;elle agisse <br>\ndans l&rsquo;espace, au moyen de sa <b>multidiffusion<\/b>.<br>\n<br>\n<u>La lumi\u00e8re<\/u> quant \u00e0 elle, s&rsquo;incorpore aux \u00e9l\u00e9ments pr\u00e9sents sur sc\u00e8ne, et joue avec les sons, se <b>synchronisant<\/b> \u00e0 eux.<\/p>\n<\/body>\n","protected":false},"excerpt":{"rendered":"<p>Emilien Rousvoal et Vincent Lengaigne s&rsquo;associent de nouveau. Le duo r\u00e9it\u00e8re l&rsquo;experience de m\u00ealer Arts du cirque, recherches lumineuses et exp\u00e9rimentations sonores. Ici, la sc\u00e9nographie originale s&rsquo;articule autour d&rsquo;une balle de contact, d&rsquo;un grand cube vitr\u00e9, et de deux protagonistes circassiens que sont Vincent et Emilien. Dans la lign\u00e9e des&hellip; <\/p>\n","protected":false},"author":1,"featured_media":0,"parent":0,"menu_order":0,"comment_status":"closed","ping_status":"closed","template":"","meta":[],"yoast_head":"<!-- This site is optimized with the Yoast SEO plugin v14.5 - https:\/\/yoast.com\/wordpress\/plugins\/seo\/ -->\n<title>Goutte - Vincent Lengaigne - Artiste<\/title>\n<meta name=\"robots\" content=\"index, follow\" \/>\n<meta name=\"googlebot\" content=\"index, follow, max-snippet:-1, max-image-preview:large, max-video-preview:-1\" \/>\n<meta name=\"bingbot\" content=\"index, follow, max-snippet:-1, max-image-preview:large, max-video-preview:-1\" \/>\n<link rel=\"canonical\" href=\"http:\/\/vincent-lengaigne.fr\/artiste\/goutte\/\" \/>\n<meta property=\"og:locale\" content=\"fr_FR\" \/>\n<meta property=\"og:type\" content=\"article\" \/>\n<meta property=\"og:title\" content=\"Goutte - Vincent Lengaigne - Artiste\" \/>\n<meta property=\"og:description\" content=\"Emilien Rousvoal et Vincent Lengaigne s&rsquo;associent de nouveau. Le duo r\u00e9it\u00e8re l&rsquo;experience de m\u00ealer Arts du cirque, recherches lumineuses et exp\u00e9rimentations sonores. Ici, la sc\u00e9nographie originale s&rsquo;articule autour d&rsquo;une balle de contact, d&rsquo;un grand cube vitr\u00e9, et de deux protagonistes circassiens que sont Vincent et Emilien. Dans la lign\u00e9e des&hellip;\" \/>\n<meta property=\"og:url\" content=\"http:\/\/vincent-lengaigne.fr\/artiste\/goutte\/\" \/>\n<meta property=\"og:site_name\" content=\"Vincent Lengaigne - Artiste\" \/>\n<meta property=\"article:modified_time\" content=\"2020-07-14T14:37:38+00:00\" \/>\n<meta property=\"og:image\" content=\"http:\/\/vincent-lengaigne.fr\/artiste\/wp-content\/uploads\/2020\/01\/Goutte-Nouvelle-Cre\u0301ation-2020-1024x533.jpg\" \/>\n<script type=\"application\/ld+json\" class=\"yoast-schema-graph\">{\"@context\":\"https:\/\/schema.org\",\"@graph\":[{\"@type\":\"WebSite\",\"@id\":\"http:\/\/vincent-lengaigne.fr\/artiste\/#website\",\"url\":\"http:\/\/vincent-lengaigne.fr\/artiste\/\",\"name\":\"Vincent Lengaigne - Artiste\",\"description\":\"Bienvenue sur le site de Vincent Lengaigne, artiste.\",\"potentialAction\":[{\"@type\":\"SearchAction\",\"target\":\"http:\/\/vincent-lengaigne.fr\/artiste\/?s={search_term_string}\",\"query-input\":\"required name=search_term_string\"}],\"inLanguage\":\"fr-FR\"},{\"@type\":\"ImageObject\",\"@id\":\"http:\/\/vincent-lengaigne.fr\/artiste\/goutte\/#primaryimage\",\"inLanguage\":\"fr-FR\",\"url\":\"http:\/\/vincent-lengaigne.fr\/artiste\/wp-content\/uploads\/2020\/01\/Goutte-Nouvelle-Cre\\u0301ation-2020.jpg\",\"width\":1920,\"height\":1000},{\"@type\":\"WebPage\",\"@id\":\"http:\/\/vincent-lengaigne.fr\/artiste\/goutte\/#webpage\",\"url\":\"http:\/\/vincent-lengaigne.fr\/artiste\/goutte\/\",\"name\":\"Goutte - Vincent Lengaigne - Artiste\",\"isPartOf\":{\"@id\":\"http:\/\/vincent-lengaigne.fr\/artiste\/#website\"},\"primaryImageOfPage\":{\"@id\":\"http:\/\/vincent-lengaigne.fr\/artiste\/goutte\/#primaryimage\"},\"datePublished\":\"2020-01-16T19:19:31+00:00\",\"dateModified\":\"2020-07-14T14:37:38+00:00\",\"inLanguage\":\"fr-FR\",\"potentialAction\":[{\"@type\":\"ReadAction\",\"target\":[\"http:\/\/vincent-lengaigne.fr\/artiste\/goutte\/\"]}]}]}<\/script>\n<!-- \/ Yoast SEO plugin. -->","_links":{"self":[{"href":"http:\/\/vincent-lengaigne.fr\/artiste\/wp-json\/wp\/v2\/pages\/329"}],"collection":[{"href":"http:\/\/vincent-lengaigne.fr\/artiste\/wp-json\/wp\/v2\/pages"}],"about":[{"href":"http:\/\/vincent-lengaigne.fr\/artiste\/wp-json\/wp\/v2\/types\/page"}],"author":[{"embeddable":true,"href":"http:\/\/vincent-lengaigne.fr\/artiste\/wp-json\/wp\/v2\/users\/1"}],"replies":[{"embeddable":true,"href":"http:\/\/vincent-lengaigne.fr\/artiste\/wp-json\/wp\/v2\/comments?post=329"}],"version-history":[{"count":11,"href":"http:\/\/vincent-lengaigne.fr\/artiste\/wp-json\/wp\/v2\/pages\/329\/revisions"}],"predecessor-version":[{"id":485,"href":"http:\/\/vincent-lengaigne.fr\/artiste\/wp-json\/wp\/v2\/pages\/329\/revisions\/485"}],"wp:attachment":[{"href":"http:\/\/vincent-lengaigne.fr\/artiste\/wp-json\/wp\/v2\/media?parent=329"}],"curies":[{"name":"wp","href":"https:\/\/api.w.org\/{rel}","templated":true}]}}