{"id":101,"date":"2019-10-26T09:53:09","date_gmt":"2019-10-26T07:53:09","guid":{"rendered":"http:\/\/vincent-lengaigne.fr\/artiste\/?page_id=101"},"modified":"2020-04-14T13:06:35","modified_gmt":"2020-04-14T11:06:35","slug":"atelier-punk-atari-console","status":"publish","type":"page","link":"https:\/\/vincent-lengaigne.fr\/artiste\/atelier-punk-atari-console\/","title":{"rendered":"Atelier Punk Atari Console"},"content":{"rendered":"\n<figure class=\"wp-block-image\"><img src=\"http:\/\/vincent-lengaigne.fr\/artiste\/wp-content\/uploads\/2020\/04\/Titre-Page-Atelier.png\" alt=\"\" class=\"wp-image-226\"><\/figure>\n<br>\n<br>\n<br>\n<br>\n\n\n\n<figure class=\"wp-block-image\"><img loading=\"lazy\" width=\"1024\" height=\"683\" src=\"http:\/\/vincent-lengaigne.fr\/artiste\/wp-content\/uploads\/2019\/10\/Atelier-Punk-Atari-Console-Enfant-1024x683.jpg\" alt=\"\" class=\"wp-image-102\" srcset=\"https:\/\/vincent-lengaigne.fr\/artiste\/wp-content\/uploads\/2019\/10\/Atelier-Punk-Atari-Console-Enfant-1024x683.jpg 1024w, https:\/\/vincent-lengaigne.fr\/artiste\/wp-content\/uploads\/2019\/10\/Atelier-Punk-Atari-Console-Enfant-300x200.jpg 300w, https:\/\/vincent-lengaigne.fr\/artiste\/wp-content\/uploads\/2019\/10\/Atelier-Punk-Atari-Console-Enfant-768x512.jpg 768w, https:\/\/vincent-lengaigne.fr\/artiste\/wp-content\/uploads\/2019\/10\/Atelier-Punk-Atari-Console-Enfant.jpg 2048w\" sizes=\"(max-width: 1024px) 100vw, 1024px\" \/><\/figure>\n\n\n\n<body id=\"atelier-punk-atari-console\">\n<br>\n<br>\n<p>Un atelier p\u00e9dagogique&nbsp;pour apprendre \u00e0 souder et appr\u00e9hender les bases d\u2019un circuit \u00e9lectrique. Vincent Lengaigne y propose pour cela la cr\u00e9ation d\u2019un synth\u00e9tiseur de sons semblables \u00e0 ceux de la console mythique Atari.<\/p>\n<\/body>\n","protected":false},"excerpt":{"rendered":"<p>Un atelier p\u00e9dagogique&nbsp;pour apprendre \u00e0 souder et appr\u00e9hender les bases d\u2019un circuit \u00e9lectrique. Vincent Lengaigne y propose pour cela la cr\u00e9ation d\u2019un synth\u00e9tiseur de sons semblables \u00e0 ceux de la console mythique Atari.<\/p>\n","protected":false},"author":1,"featured_media":0,"parent":0,"menu_order":0,"comment_status":"closed","ping_status":"closed","template":"","meta":[],"yoast_head":"<!-- This site is optimized with the Yoast SEO plugin v14.5 - https:\/\/yoast.com\/wordpress\/plugins\/seo\/ -->\n<title>Atelier Punk Atari Console - Vincent Lengaigne - Artiste<\/title>\n<meta name=\"robots\" content=\"index, follow\" \/>\n<meta name=\"googlebot\" content=\"index, follow, max-snippet:-1, max-image-preview:large, max-video-preview:-1\" \/>\n<meta name=\"bingbot\" content=\"index, follow, max-snippet:-1, max-image-preview:large, max-video-preview:-1\" \/>\n<link rel=\"canonical\" href=\"http:\/\/vincent-lengaigne.fr\/artiste\/atelier-punk-atari-console\/\" \/>\n<meta property=\"og:locale\" content=\"fr_FR\" \/>\n<meta property=\"og:type\" content=\"article\" \/>\n<meta property=\"og:title\" content=\"Atelier Punk Atari Console - Vincent Lengaigne - Artiste\" \/>\n<meta property=\"og:description\" content=\"Un atelier p\u00e9dagogique&nbsp;pour apprendre \u00e0 souder et appr\u00e9hender les bases d\u2019un circuit \u00e9lectrique. Vincent Lengaigne y propose pour cela la cr\u00e9ation d\u2019un synth\u00e9tiseur de sons semblables \u00e0 ceux de la console mythique Atari.\" \/>\n<meta property=\"og:url\" content=\"http:\/\/vincent-lengaigne.fr\/artiste\/atelier-punk-atari-console\/\" \/>\n<meta property=\"og:site_name\" content=\"Vincent Lengaigne - Artiste\" \/>\n<meta property=\"article:modified_time\" content=\"2020-04-14T11:06:35+00:00\" \/>\n<meta property=\"og:image\" content=\"http:\/\/vincent-lengaigne.fr\/artiste\/wp-content\/uploads\/2020\/04\/Titre-Page-Atelier.png\" \/>\n<script type=\"application\/ld+json\" class=\"yoast-schema-graph\">{\"@context\":\"https:\/\/schema.org\",\"@graph\":[{\"@type\":\"WebSite\",\"@id\":\"https:\/\/vincent-lengaigne.fr\/artiste\/#website\",\"url\":\"https:\/\/vincent-lengaigne.fr\/artiste\/\",\"name\":\"Vincent Lengaigne - Artiste\",\"description\":\"Bienvenue sur le site de Vincent Lengaigne, artiste.\",\"potentialAction\":[{\"@type\":\"SearchAction\",\"target\":\"https:\/\/vincent-lengaigne.fr\/artiste\/?s={search_term_string}\",\"query-input\":\"required name=search_term_string\"}],\"inLanguage\":\"fr-FR\"},{\"@type\":\"ImageObject\",\"@id\":\"http:\/\/vincent-lengaigne.fr\/artiste\/atelier-punk-atari-console\/#primaryimage\",\"inLanguage\":\"fr-FR\",\"url\":\"http:\/\/vincent-lengaigne.fr\/artiste\/wp-content\/uploads\/2020\/04\/Titre-Page-Atelier.png\"},{\"@type\":\"WebPage\",\"@id\":\"http:\/\/vincent-lengaigne.fr\/artiste\/atelier-punk-atari-console\/#webpage\",\"url\":\"http:\/\/vincent-lengaigne.fr\/artiste\/atelier-punk-atari-console\/\",\"name\":\"Atelier Punk Atari Console - Vincent Lengaigne - Artiste\",\"isPartOf\":{\"@id\":\"https:\/\/vincent-lengaigne.fr\/artiste\/#website\"},\"primaryImageOfPage\":{\"@id\":\"http:\/\/vincent-lengaigne.fr\/artiste\/atelier-punk-atari-console\/#primaryimage\"},\"datePublished\":\"2019-10-26T07:53:09+00:00\",\"dateModified\":\"2020-04-14T11:06:35+00:00\",\"inLanguage\":\"fr-FR\",\"potentialAction\":[{\"@type\":\"ReadAction\",\"target\":[\"http:\/\/vincent-lengaigne.fr\/artiste\/atelier-punk-atari-console\/\"]}]}]}<\/script>\n<!-- \/ Yoast SEO plugin. -->","_links":{"self":[{"href":"https:\/\/vincent-lengaigne.fr\/artiste\/wp-json\/wp\/v2\/pages\/101"}],"collection":[{"href":"https:\/\/vincent-lengaigne.fr\/artiste\/wp-json\/wp\/v2\/pages"}],"about":[{"href":"https:\/\/vincent-lengaigne.fr\/artiste\/wp-json\/wp\/v2\/types\/page"}],"author":[{"embeddable":true,"href":"https:\/\/vincent-lengaigne.fr\/artiste\/wp-json\/wp\/v2\/users\/1"}],"replies":[{"embeddable":true,"href":"https:\/\/vincent-lengaigne.fr\/artiste\/wp-json\/wp\/v2\/comments?post=101"}],"version-history":[{"count":6,"href":"https:\/\/vincent-lengaigne.fr\/artiste\/wp-json\/wp\/v2\/pages\/101\/revisions"}],"predecessor-version":[{"id":466,"href":"https:\/\/vincent-lengaigne.fr\/artiste\/wp-json\/wp\/v2\/pages\/101\/revisions\/466"}],"wp:attachment":[{"href":"https:\/\/vincent-lengaigne.fr\/artiste\/wp-json\/wp\/v2\/media?parent=101"}],"curies":[{"name":"wp","href":"https:\/\/api.w.org\/{rel}","templated":true}]}}