{"id":39,"date":"2019-10-14T11:07:41","date_gmt":"2019-10-14T09:07:41","guid":{"rendered":"http:\/\/vincent-lengaigne.fr\/artiste\/?page_id=39"},"modified":"2020-07-14T16:34:07","modified_gmt":"2020-07-14T14:34:07","slug":"presentation","status":"publish","type":"page","link":"https:\/\/vincent-lengaigne.fr\/artiste\/","title":{"rendered":"Pr\u00e9sentation"},"content":{"rendered":"\n<body id=\"presentation\">\n<img style=\"float:right; transform:rotate(0.25turn)\" src=\"http:\/\/vincent-lengaigne.fr\/artiste\/wp-content\/uploads\/2019\/11\/Triangle-vert-01.png\" width=\"20%\">\n<br>\n<br>\n<br>\n<br>\n<\/body>\n\n\n\n<body id=\"presentation\"><div style=\"width:80%\">\n<p align=\"justify\">\n<br>\n<h2>Pr\u00e9sentation<\/h2>\n<img style=\"float:left; margin:20px 30px 30px 0px; border-radius:5px\" src=\"http:\/\/vincent-lengaigne.fr\/artiste\/wp-content\/uploads\/2019\/11\/Vincent-a\u0300-la-console-Ape\u0301ros-Musique-de-Blesle-2018.jpg\"  width=55% \/>\n<p align=\"justify\">\nOriginaire de M\u00e9ru, dans l&rsquo;Oise, en France, <b>Vincent Lengaigne<\/b> d\u00e9couvre tr\u00e8s jeune les arts du cirque, et notamment la jonglerie.\n<br>\n<br>\nC&rsquo;est dans une recherche d&rsquo;autonomie dans la cr\u00e9ation de ses spectacles qu&rsquo;il s&rsquo;int\u00e9resse aux diff\u00e9rents domaines qui les composent : la musique, la sc\u00e9nographie, la lumi\u00e8re ou encore l&rsquo;\u00e9lectronique. \n<br>\n<br>\nCumulant Facult\u00e9 des Arts et cursus au Conservatoire d&rsquo;Amiens en <b>musique \u00e9lectroacoustique<\/b>, il d\u00e9couvre de nombreuses sources d&rsquo;inspirations qui nourriront ses multiples cr\u00e9ations. \n<br>\n<br>\nDans la continuit\u00e9 de ses connaissances acquises dans de nombreux domaines aff\u00e9rant au spectacle vivant, il exerce le m\u00e9tier de <b>r\u00e9gisseur<\/b> depuis 2016, et ce dans toute la France comme \u00e0 l&rsquo;\u00e9tranger.\n<\/p>\n<\/div>\n<\/body>\n\n\n\n<body id=\"presentation\">\n<div><img style=\"float:left; transform:rotate(0.5turn); margin:30px\" src=\"http:\/\/vincent-lengaigne.fr\/artiste\/wp-content\/uploads\/2019\/11\/Triangle-vert-01.png\"  width=13%\/><\/div>\n<br>\n<br>\n<\/body>\n\n\n\n<body id=\"presentation\">\n<div style=\"width:80%; margin:auto\">\n<p align=\"justify\">\nCette m\u00eame ann\u00e9e verra la naissance de la premi\u00e8re <em><a href=\"http:\/\/vincent-lengaigne.fr\/artiste\/siestes-sonores\" rel=\"noopener\">Sieste Sonore<\/a><\/em> compos\u00e9e par Vincent Lengaigne. Il cr\u00e9era la <em>Sieste Sonore n\u00b02<\/em> pour son examen de fin d&rsquo;\u00e9tudes au Conservatoire en 2017.\n<br>\nEn 2019, il \u00e9labore <em>Glitch<\/em> avec Marie Tribouilloy, circassienne sp\u00e9cialis\u00e9e en m\u00e2t chinois. En d\u00e9coulera <em><a href=\"http:\/\/vincent-lengaigne.fr\/artiste\/experience\/Experience\" rel=\"noopener\">Exp\u00e9rience<\/a><\/em>, inspir\u00e9 du m\u00eame univers esth\u00e9tique, cette fois ci accompagn\u00e9 par Fanchon Guillevic et par Emilien Rousvoal au trap\u00e8ze. La collaboration avec ce com\u00e9dien-circassien continue, ils cr\u00e9ent ensemble <em><a href=\"http:\/\/vincent-lengaigne.fr\/artiste\/experience\/goutte\" rel=\"noopener\">Goutte<\/a><\/em>, en fin d&rsquo;ann\u00e9e 2019.\n<\/p>\n<\/div>\n<\/body>\n","protected":false},"excerpt":{"rendered":"<p>Pr\u00e9sentation Originaire de M\u00e9ru, dans l&rsquo;Oise, en France, Vincent Lengaigne d\u00e9couvre tr\u00e8s jeune les arts du cirque, et notamment la jonglerie. C&rsquo;est dans une recherche d&rsquo;autonomie dans la cr\u00e9ation de ses spectacles qu&rsquo;il s&rsquo;int\u00e9resse aux diff\u00e9rents domaines qui les composent : la musique, la sc\u00e9nographie, la lumi\u00e8re ou encore l&rsquo;\u00e9lectronique.&hellip; <\/p>\n","protected":false},"author":1,"featured_media":0,"parent":0,"menu_order":0,"comment_status":"closed","ping_status":"closed","template":"","meta":[],"yoast_head":"<!-- This site is optimized with the Yoast SEO plugin v14.5 - https:\/\/yoast.com\/wordpress\/plugins\/seo\/ -->\n<title>Pr\u00e9sentation - Vincent Lengaigne - Artiste<\/title>\n<meta name=\"robots\" content=\"index, follow\" \/>\n<meta name=\"googlebot\" content=\"index, follow, max-snippet:-1, max-image-preview:large, max-video-preview:-1\" \/>\n<meta name=\"bingbot\" content=\"index, follow, max-snippet:-1, max-image-preview:large, max-video-preview:-1\" \/>\n<link rel=\"canonical\" href=\"http:\/\/vincent-lengaigne.fr\/artiste\/\" \/>\n<meta property=\"og:locale\" content=\"fr_FR\" \/>\n<meta property=\"og:type\" content=\"article\" \/>\n<meta property=\"og:title\" content=\"Pr\u00e9sentation - Vincent Lengaigne - Artiste\" \/>\n<meta property=\"og:description\" content=\"Pr\u00e9sentation Originaire de M\u00e9ru, dans l&rsquo;Oise, en France, Vincent Lengaigne d\u00e9couvre tr\u00e8s jeune les arts du cirque, et notamment la jonglerie. C&rsquo;est dans une recherche d&rsquo;autonomie dans la cr\u00e9ation de ses spectacles qu&rsquo;il s&rsquo;int\u00e9resse aux diff\u00e9rents domaines qui les composent : la musique, la sc\u00e9nographie, la lumi\u00e8re ou encore l&rsquo;\u00e9lectronique.&hellip;\" \/>\n<meta property=\"og:url\" content=\"http:\/\/vincent-lengaigne.fr\/artiste\/\" \/>\n<meta property=\"og:site_name\" content=\"Vincent Lengaigne - Artiste\" \/>\n<meta property=\"article:modified_time\" content=\"2020-07-14T14:34:07+00:00\" \/>\n<meta property=\"og:image\" content=\"http:\/\/vincent-lengaigne.fr\/artiste\/wp-content\/uploads\/2019\/11\/Triangle-vert-01.png\" \/>\n<script type=\"application\/ld+json\" class=\"yoast-schema-graph\">{\"@context\":\"https:\/\/schema.org\",\"@graph\":[{\"@type\":\"WebSite\",\"@id\":\"https:\/\/vincent-lengaigne.fr\/artiste\/#website\",\"url\":\"https:\/\/vincent-lengaigne.fr\/artiste\/\",\"name\":\"Vincent Lengaigne - Artiste\",\"description\":\"Bienvenue sur le site de Vincent Lengaigne, artiste.\",\"potentialAction\":[{\"@type\":\"SearchAction\",\"target\":\"https:\/\/vincent-lengaigne.fr\/artiste\/?s={search_term_string}\",\"query-input\":\"required name=search_term_string\"}],\"inLanguage\":\"fr-FR\"},{\"@type\":\"ImageObject\",\"@id\":\"http:\/\/vincent-lengaigne.fr\/artiste\/#primaryimage\",\"inLanguage\":\"fr-FR\",\"url\":\"http:\/\/vincent-lengaigne.fr\/artiste\/wp-content\/uploads\/2019\/11\/Triangle-vert-01.png\"},{\"@type\":\"WebPage\",\"@id\":\"http:\/\/vincent-lengaigne.fr\/artiste\/#webpage\",\"url\":\"http:\/\/vincent-lengaigne.fr\/artiste\/\",\"name\":\"Pr\\u00e9sentation - Vincent Lengaigne - Artiste\",\"isPartOf\":{\"@id\":\"https:\/\/vincent-lengaigne.fr\/artiste\/#website\"},\"primaryImageOfPage\":{\"@id\":\"http:\/\/vincent-lengaigne.fr\/artiste\/#primaryimage\"},\"datePublished\":\"2019-10-14T09:07:41+00:00\",\"dateModified\":\"2020-07-14T14:34:07+00:00\",\"inLanguage\":\"fr-FR\",\"potentialAction\":[{\"@type\":\"ReadAction\",\"target\":[\"http:\/\/vincent-lengaigne.fr\/artiste\/\"]}]}]}<\/script>\n<!-- \/ Yoast SEO plugin. -->","_links":{"self":[{"href":"https:\/\/vincent-lengaigne.fr\/artiste\/wp-json\/wp\/v2\/pages\/39"}],"collection":[{"href":"https:\/\/vincent-lengaigne.fr\/artiste\/wp-json\/wp\/v2\/pages"}],"about":[{"href":"https:\/\/vincent-lengaigne.fr\/artiste\/wp-json\/wp\/v2\/types\/page"}],"author":[{"embeddable":true,"href":"https:\/\/vincent-lengaigne.fr\/artiste\/wp-json\/wp\/v2\/users\/1"}],"replies":[{"embeddable":true,"href":"https:\/\/vincent-lengaigne.fr\/artiste\/wp-json\/wp\/v2\/comments?post=39"}],"version-history":[{"count":26,"href":"https:\/\/vincent-lengaigne.fr\/artiste\/wp-json\/wp\/v2\/pages\/39\/revisions"}],"predecessor-version":[{"id":483,"href":"https:\/\/vincent-lengaigne.fr\/artiste\/wp-json\/wp\/v2\/pages\/39\/revisions\/483"}],"wp:attachment":[{"href":"https:\/\/vincent-lengaigne.fr\/artiste\/wp-json\/wp\/v2\/media?parent=39"}],"curies":[{"name":"wp","href":"https:\/\/api.w.org\/{rel}","templated":true}]}}