{"id":57,"date":"2019-10-14T16:40:15","date_gmt":"2019-10-14T14:40:15","guid":{"rendered":"http:\/\/vincent-lengaigne.fr\/artiste\/?page_id=57"},"modified":"2020-04-14T11:43:02","modified_gmt":"2020-04-14T09:43:02","slug":"siestes-sonores","status":"publish","type":"page","link":"https:\/\/vincent-lengaigne.fr\/artiste\/siestes-sonores\/","title":{"rendered":"Les Siestes Sonores"},"content":{"rendered":"\n<figure class=\"wp-block-image\"><img src=\"http:\/\/vincent-lengaigne.fr\/artiste\/wp-content\/uploads\/2020\/04\/Titre-Page-Siestes-Sonores.png\" alt=\"\" class=\"wp-image-226\"><\/figure>\n<br>\n<br>\n<br>\n<br>\n\n\n\n<body id=\"siestes-sonores\">\n<div style=\"width:80%; margin:auto\"\n<p align=\"justify\">\n&nbsp;&nbsp;&nbsp;&nbsp;\nLes Siestes Sonores sont n\u00e9es d\u2019exp\u00e9rimentations auxquelles Vincent Lengaigne s\u2019est adonn\u00e9 au cours de son cursus de composition \u00e9lectroacoustique.\n<\/p>\n<\/div>\n<br>\n<\/body>\n\n\n\n<div style=\"width:80%; margin:auto\"\n<p align=\"justify\">\n&nbsp;&nbsp;&nbsp;&nbsp;\nElles empruntent beaucoup \u00e0 la musique \u00e9lectroacoustique et acousmatique, aussi bien par le dispositif de diffusion en concert, que par ce qui est l\u2019essence m\u00eame de cette musique : le fait d\u2019\u00e9couter le son pour ce qu\u2019il est, pour son esth\u00e9tique.\n<\/p>\n<\/div>\n<br>\n\n\n\n<div style=\"width:80%; margin:auto\"\n<p align=\"justify\">\n&nbsp;&nbsp;&nbsp;&nbsp;\nAinsi, le dispositif sonore propos\u00e9 lors des concerts est constitu\u00e9 d\u2019enceintes plac\u00e9es tout autour du public permettant aux auditeurs une immersion totale au c\u0153ur de l\u2019univers sonore. Le son s\u2019\u00e9crit autour de l\u2019auditeur, allant d\u2019une enceinte\n\u00e0 l\u2019autre.\n<\/p>\n<\/div>\n<br>\n\n\n\n<br>\n<iframe width=\"100%\" height=\"166\" scrolling=\"no\" frameborder=\"no\" allow=\"autoplay\" src=\"https:\/\/w.soundcloud.com\/player\/?url=https%3A\/\/api.soundcloud.com\/tracks\/520353987&amp;color=%23ff5500&amp;auto_play=false&amp;hide_related=false&amp;show_comments=true&amp;show_user=true&amp;show_reposts=false&amp;show_teaser=true\"><\/iframe>\n\n\n\n<br>\n<br>\n<p align=\"center\">\n<i>Retrouvez ci-dessus une adaptation st\u00e9r\u00e9o d&rsquo;une pi\u00e8ce de concert compos\u00e9e pour huit enceintes. \n<br>\nBien s\u00fbr, cette version n&rsquo;est qu&rsquo;une sorte de carte postale de la version concert&#8230;<\/i>\n<\/p>\n<br>\n<br>\n\n\n\n<div style=\"width:80%; margin:auto\"\n<p align=\"justify\">\n&nbsp;&nbsp;&nbsp;&nbsp;\nLes pi\u00e8ces, quant \u00e0 elles, sont compos\u00e9es de sons \u00e9lectroniques et de prises de sons r\u00e9els, transform\u00e9s ou non. Tous ces sons, plus ou moins identifiables, permettent de cr\u00e9er une pi\u00e8ce dans laquelle les points de rep\u00e8re de chaque auditeur sont diff\u00e9rents. Le but \u00e9tant d\u2019amener chaque personne \u00e0 se cr\u00e9er son r\u00eave, \u00e0 laisser libre cours \u00e0 son imaginaire au gr\u00e9 des sons qu\u2019il entend.\n<\/p>\n<\/div>\n<br>\n<br>\n\n\n\n<div class=\"wp-block-media-text alignwide has-media-on-the-right is-stacked-on-mobile is-vertically-aligned-center\"><figure class=\"wp-block-media-text__media\"><img loading=\"lazy\" width=\"1024\" height=\"683\" src=\"http:\/\/vincent-lengaigne.fr\/artiste\/wp-content\/uploads\/2019\/10\/Photo-Siestes-Sonores-Auditeurs-allonge\u0301s-1024x683.jpg\" alt=\"\" class=\"wp-image-65\" srcset=\"https:\/\/vincent-lengaigne.fr\/artiste\/wp-content\/uploads\/2019\/10\/Photo-Siestes-Sonores-Auditeurs-allonge\u0301s-1024x683.jpg 1024w, https:\/\/vincent-lengaigne.fr\/artiste\/wp-content\/uploads\/2019\/10\/Photo-Siestes-Sonores-Auditeurs-allonge\u0301s-300x200.jpg 300w, https:\/\/vincent-lengaigne.fr\/artiste\/wp-content\/uploads\/2019\/10\/Photo-Siestes-Sonores-Auditeurs-allonge\u0301s-768x512.jpg 768w, https:\/\/vincent-lengaigne.fr\/artiste\/wp-content\/uploads\/2019\/10\/Photo-Siestes-Sonores-Auditeurs-allonge\u0301s.jpg 2048w\" sizes=\"(max-width: 1024px) 100vw, 1024px\" \/><\/figure><div class=\"wp-block-media-text__content\">\n<p align=\"right\">\n\n<strong>Chacun ressort des Siestes Sonores \n<\/br>\navec une exp\u00e9rience v\u00e9cue qui lui est propre. <\/strong>\n<\/p>\n<\/div><\/div>\n","protected":false},"excerpt":{"rendered":"<p>En apprendre plus sur les Siestes Sonores, pi\u00e8ces \u00e9lectroacoustiques compos\u00e9es par Vincent Lengaigne.<\/p>\n","protected":false},"author":1,"featured_media":0,"parent":0,"menu_order":0,"comment_status":"closed","ping_status":"closed","template":"","meta":[],"yoast_head":"<!-- This site is optimized with the Yoast SEO plugin v14.5 - https:\/\/yoast.com\/wordpress\/plugins\/seo\/ -->\n<title>Les Siestes Sonores - Vincent Lengaigne - Artiste<\/title>\n<meta name=\"description\" content=\"Retrouvez ici des informations sur les Siestes Sonores, pi\u00e8ces \u00e9lectroacoustiques cr\u00e9\u00e9es par Vincent Lengaigne.\" \/>\n<meta name=\"robots\" content=\"index, follow\" \/>\n<meta name=\"googlebot\" content=\"index, follow, max-snippet:-1, max-image-preview:large, max-video-preview:-1\" \/>\n<meta name=\"bingbot\" content=\"index, follow, max-snippet:-1, max-image-preview:large, max-video-preview:-1\" \/>\n<link rel=\"canonical\" href=\"http:\/\/vincent-lengaigne.fr\/artiste\/siestes-sonores\/\" \/>\n<meta property=\"og:locale\" content=\"fr_FR\" \/>\n<meta property=\"og:type\" content=\"article\" \/>\n<meta property=\"og:title\" content=\"Les Siestes Sonores - Vincent Lengaigne - Artiste\" \/>\n<meta property=\"og:description\" content=\"Retrouvez ici des informations sur les Siestes Sonores, pi\u00e8ces \u00e9lectroacoustiques cr\u00e9\u00e9es par Vincent Lengaigne.\" \/>\n<meta property=\"og:url\" content=\"http:\/\/vincent-lengaigne.fr\/artiste\/siestes-sonores\/\" \/>\n<meta property=\"og:site_name\" content=\"Vincent Lengaigne - Artiste\" \/>\n<meta property=\"article:modified_time\" content=\"2020-04-14T09:43:02+00:00\" \/>\n<meta property=\"og:image\" content=\"http:\/\/vincent-lengaigne.fr\/artiste\/wp-content\/uploads\/2020\/04\/Titre-Page-Siestes-Sonores.png\" \/>\n<script type=\"application\/ld+json\" class=\"yoast-schema-graph\">{\"@context\":\"https:\/\/schema.org\",\"@graph\":[{\"@type\":\"WebSite\",\"@id\":\"https:\/\/vincent-lengaigne.fr\/artiste\/#website\",\"url\":\"https:\/\/vincent-lengaigne.fr\/artiste\/\",\"name\":\"Vincent Lengaigne - Artiste\",\"description\":\"Bienvenue sur le site de Vincent Lengaigne, artiste.\",\"potentialAction\":[{\"@type\":\"SearchAction\",\"target\":\"https:\/\/vincent-lengaigne.fr\/artiste\/?s={search_term_string}\",\"query-input\":\"required name=search_term_string\"}],\"inLanguage\":\"fr-FR\"},{\"@type\":\"ImageObject\",\"@id\":\"http:\/\/vincent-lengaigne.fr\/artiste\/siestes-sonores\/#primaryimage\",\"inLanguage\":\"fr-FR\",\"url\":\"http:\/\/vincent-lengaigne.fr\/artiste\/wp-content\/uploads\/2020\/04\/Titre-Page-Siestes-Sonores.png\"},{\"@type\":\"WebPage\",\"@id\":\"http:\/\/vincent-lengaigne.fr\/artiste\/siestes-sonores\/#webpage\",\"url\":\"http:\/\/vincent-lengaigne.fr\/artiste\/siestes-sonores\/\",\"name\":\"Les Siestes Sonores - Vincent Lengaigne - Artiste\",\"isPartOf\":{\"@id\":\"https:\/\/vincent-lengaigne.fr\/artiste\/#website\"},\"primaryImageOfPage\":{\"@id\":\"http:\/\/vincent-lengaigne.fr\/artiste\/siestes-sonores\/#primaryimage\"},\"datePublished\":\"2019-10-14T14:40:15+00:00\",\"dateModified\":\"2020-04-14T09:43:02+00:00\",\"description\":\"Retrouvez ici des informations sur les Siestes Sonores, pi\\u00e8ces \\u00e9lectroacoustiques cr\\u00e9\\u00e9es par Vincent Lengaigne.\",\"inLanguage\":\"fr-FR\",\"potentialAction\":[{\"@type\":\"ReadAction\",\"target\":[\"http:\/\/vincent-lengaigne.fr\/artiste\/siestes-sonores\/\"]}]}]}<\/script>\n<!-- \/ Yoast SEO plugin. -->","_links":{"self":[{"href":"https:\/\/vincent-lengaigne.fr\/artiste\/wp-json\/wp\/v2\/pages\/57"}],"collection":[{"href":"https:\/\/vincent-lengaigne.fr\/artiste\/wp-json\/wp\/v2\/pages"}],"about":[{"href":"https:\/\/vincent-lengaigne.fr\/artiste\/wp-json\/wp\/v2\/types\/page"}],"author":[{"embeddable":true,"href":"https:\/\/vincent-lengaigne.fr\/artiste\/wp-json\/wp\/v2\/users\/1"}],"replies":[{"embeddable":true,"href":"https:\/\/vincent-lengaigne.fr\/artiste\/wp-json\/wp\/v2\/comments?post=57"}],"version-history":[{"count":16,"href":"https:\/\/vincent-lengaigne.fr\/artiste\/wp-json\/wp\/v2\/pages\/57\/revisions"}],"predecessor-version":[{"id":454,"href":"https:\/\/vincent-lengaigne.fr\/artiste\/wp-json\/wp\/v2\/pages\/57\/revisions\/454"}],"wp:attachment":[{"href":"https:\/\/vincent-lengaigne.fr\/artiste\/wp-json\/wp\/v2\/media?parent=57"}],"curies":[{"name":"wp","href":"https:\/\/api.w.org\/{rel}","templated":true}]}}